{"id":15,"date":"2024-04-07T18:55:34","date_gmt":"2024-04-07T18:55:34","guid":{"rendered":"https:\/\/cloudxinfotech.com\/academy\/user-login\/"},"modified":"2026-02-08T01:24:33","modified_gmt":"2026-02-08T01:24:33","slug":"user-login","status":"publish","type":"page","link":"https:\/\/cloudxinfotech.com\/academy\/user-login\/","title":{"rendered":"User Login"},"content":{"rendered":"<div class=\"event-wrapper-shortcode user-login\"><div class=\"thim-login\">\n    <h2 class=\"title\">Login with your site account<\/h2>\n\t<form name=\"loginform\" id=\"loginform\" action=\"https:\/\/cloudxinfotech.com\/academy\/wp-login.php\" method=\"post\"><p class=\"login-username\">\n\t\t\t\t<label for=\"thim_login\">Username or email<\/label>\n\t\t\t\t<input type=\"text\" name=\"log\" id=\"thim_login\" autocomplete=\"username\" class=\"input\" value=\"\" size=\"20\" \/>\n\t\t\t<\/p><p class=\"login-password\">\n\t\t\t\t<label for=\"thim_pass\">Password<\/label>\n\t\t\t\t<input type=\"password\" name=\"pwd\" id=\"thim_pass\" autocomplete=\"current-password\" spellcheck=\"false\" class=\"input\" value=\"\" size=\"20\" \/>\n\t\t\t<\/p><a class=\"lost-pass-link\" href=\"https:\/\/cloudxinfotech.com\/academy\/account\/?action=lostpassword\" title=\"Lost Password\">Lost your password?<\/a><p class=\"login-remember\"><label><input name=\"rememberme\" type=\"checkbox\" id=\"rememberme\" value=\"forever\" \/> Remember me<\/label><\/p><p class=\"login-submit\">\n\t\t\t\t<input type=\"submit\" name=\"wp-submit\" id=\"wp-submit\" class=\"button button-primary\" value=\"Login\" \/>\n\t\t\t\t<input type=\"hidden\" name=\"redirect_to\" value=\"https:\/\/cloudxinfotech.com\/academy\" \/>\n\t\t\t<\/p><\/form>\t<p class=\"link-bottom\">Not a member yet?  <a href=\"https:\/\/cloudxinfotech.com\/academy\/account\/?action=register\">Register now<\/a><\/p><\/div>\n<\/div>\n<p>Pour trouver un bookmaker hors arjel fiable, il est essentiel de consulter des ressources sp\u00e9cialis\u00e9es comme<\/p>\n<p>Pour des travaux acad\u00e9miques de qualit\u00e9, il peut \u00eatre utile de faire appel \u00e0 des professionnels comme <a href=\"https:\/\/ghostwriter-oesterreich.at\/fallstudien-schreiben-lassen\/\" style=\"text-decoration: none !important; color: inherit !important;\" target=\"_blank\" rel=\"noopener\">ghostwriter fallstudien<\/a> pour obtenir de l&#8217;aide dans la r\u00e9daction de vos \u00e9tudes de cas.<\/p>\n<p> <a href=\"https:\/\/sweatboxing.fr\/\" style=\"text-decoration: none !important; color: inherit !important;\" target=\"_blank\" rel=\"noopener\">bookmaker hors arjel<\/a> pour des conseils et analyses approfondies.<\/p>\n","protected":false},"excerpt":{"rendered":"<p>Pour trouver un bookmaker hors arjel fiable, il est essentiel de consulter des ressources sp\u00e9cialis\u00e9es comme Pour des travaux acad\u00e9miques de qualit\u00e9, il peut \u00eatre utile de faire appel \u00e0 des professionnels comme ghostwriter fallstudien pour obtenir de l&#8217;aide dans &hellip; <\/p>\n","protected":false},"author":1,"featured_media":0,"parent":0,"menu_order":0,"comment_status":"closed","ping_status":"closed","template":"","meta":{"footnotes":""},"class_list":["post-15","page","type-page","status-publish","hentry"],"_links":{"self":[{"href":"https:\/\/cloudxinfotech.com\/academy\/wp-json\/wp\/v2\/pages\/15","targetHints":{"allow":["GET"]}}],"collection":[{"href":"https:\/\/cloudxinfotech.com\/academy\/wp-json\/wp\/v2\/pages"}],"about":[{"href":"https:\/\/cloudxinfotech.com\/academy\/wp-json\/wp\/v2\/types\/page"}],"author":[{"embeddable":true,"href":"https:\/\/cloudxinfotech.com\/academy\/wp-json\/wp\/v2\/users\/1"}],"replies":[{"embeddable":true,"href":"https:\/\/cloudxinfotech.com\/academy\/wp-json\/wp\/v2\/comments?post=15"}],"version-history":[{"count":2,"href":"https:\/\/cloudxinfotech.com\/academy\/wp-json\/wp\/v2\/pages\/15\/revisions"}],"predecessor-version":[{"id":26329,"href":"https:\/\/cloudxinfotech.com\/academy\/wp-json\/wp\/v2\/pages\/15\/revisions\/26329"}],"wp:attachment":[{"href":"https:\/\/cloudxinfotech.com\/academy\/wp-json\/wp\/v2\/media?parent=15"}],"curies":[{"name":"wp","href":"https:\/\/api.w.org\/{rel}","templated":true}]}}